{"id":561,"date":"2023-12-20T08:19:46","date_gmt":"2023-12-20T12:19:46","guid":{"rendered":"https:\/\/wildroseinn.com\/fr\/?page_id=561"},"modified":"2026-03-14T08:11:33","modified_gmt":"2026-03-14T11:11:33","slug":"stay-park-fly","status":"publish","type":"page","link":"http:\/\/wildroseinn.com\/fr\/stay-park-fly\/","title":{"rendered":"RESTEZ, STATIONNEZ ET VOLER"},"content":{"rendered":"\n<p>Vous quittez Moncton? Restez et stationnez votre v\u00e9hicule sur notre terrain de stationnement pendant votre absence. Nous sommes situ\u00e9s dans un environnement s\u00e9curitaire, \u00e0 quelques minutes en voiture de l\u2019a\u00e9roport de Moncton. Nous gardons un \u0153il sur votre v\u00e9hicule \u00e0 tout moment. Nos suites de qualit\u00e9 vous garantiront une bonne nuit de sommeil avant votre vol.<\/p>\n\n\n\n<h3 class=\"wp-block-heading\">Ce forfait comprend:<\/h3>\n\n\n\n<ul class=\"wp-block-list\">\n<li>H\u00e9bergement d&#8217;une nuit pour deux personnes dans une suite<\/li>\n\n\n\n<li><strong>Stationnement gratuit quelle que soit la dur\u00e9e<\/strong><\/li>\n\n\n\n<li>Service de navette vers l&#8217;a\u00e9roport (sous r\u00e9serve de l&#8217;heure de d\u00e9part et d&#8217;arriv\u00e9e des vols)<\/li>\n\n\n\n<li>Petit-d\u00e9jeuner \u00e0 emporter<\/li>\n\n\n\n<li>Prix sp\u00e9cial pour la deuxi\u00e8me nuit<\/li>\n<\/ul>\n\n\n\n<p><strong>Le prix (d&#8217;octobre \u00e0 mai) (<\/strong>plus taxes et sous r\u00e9serve de disponibilit\u00e9):<\/p>\n\n\n\n<p>Suite standard (lit queen, foyer, r\u00e9frig\u00e9rateur, t\u00e9l\u00e9vision, plancher de bois et salle de bain).<\/p>\n\n\n\n<p>179 $ pour un stationnement jusqu&#8217;\u00e0 7 jours, 199 $ pour un stationnement jusqu&#8217;\u00e0 14 jours, 219 $ pour un stationnement jusqu&#8217;\u00e0 21 jours, 249 $ pour un stationnement jusqu&#8217;\u00e0 28 jours et 269 $ pour un stationnement de plus de 4 semaines. <strong><em><mark style=\"background-color:rgba(0, 0, 0, 0)\" class=\"has-inline-color has-luminous-vivid-orange-color\">le prix final peut varier en fonction de la disponibilit\u00e9.<\/mark><\/em><\/strong><\/p>\n\n\n\n<p>Le s\u00e9jour de la deuxi\u00e8me nuit (la nuit de votre retour) sera de seulement 129$.<\/p>\n\n\n\n<p><strong><em>Veuillez nous contacter pour conna\u00eetre les prix des autres suites (suites ex\u00e9cutives, suites sup\u00e9rieures et suites \u00e0 deux chambres) et pour les prix de tous les autres mois.<\/em><\/strong><\/p>\n\n\n\n<p><strong>Stationnement seulement (pas de s\u00e9jour)<\/strong>:<\/p>\n\n\n\n<p>Tarif quotidien 9 $, tarif hebdomadaire 50 $, service de navette si souhait\u00e9 19 $ sens unique, la taxe est incluse.<\/p>\n\n\n\n<p><strong>veuillez appeler ou envoyer un e-mail pour faire une r\u00e9servation<\/strong><\/p>\n\n\n\n<p><strong>Politique d&#8217;annulation <\/strong><\/p>\n\n\n\n<p>le forfait est libre d&#8217;annuler \u00e0 tout moment<\/p>\n\n\n<div class=\"wp-block-image\">\n<figure class=\"aligncenter size-large is-resized\"><img loading=\"lazy\" decoding=\"async\" width=\"1024\" height=\"768\" src=\"https:\/\/wildroseinn.com\/fr\/wp-content\/uploads\/2023\/12\/image-1024x768.png\" alt=\"\" class=\"wp-image-562\" style=\"width:289px;height:auto\" srcset=\"http:\/\/wildroseinn.com\/fr\/wp-content\/uploads\/2023\/12\/image-1024x768.png 1024w, http:\/\/wildroseinn.com\/fr\/wp-content\/uploads\/2023\/12\/image-300x225.png 300w, http:\/\/wildroseinn.com\/fr\/wp-content\/uploads\/2023\/12\/image-768x576.png 768w, http:\/\/wildroseinn.com\/fr\/wp-content\/uploads\/2023\/12\/image.png 1536w\" sizes=\"auto, (max-width: 1024px) 100vw, 1024px\" \/><\/figure>\n<\/div>\n\n\n<figure class=\"wp-block-image size-full is-resized\"><img loading=\"lazy\" decoding=\"async\" width=\"600\" height=\"400\" src=\"https:\/\/wildroseinn.com\/fr\/wp-content\/uploads\/2023\/12\/image-1.png\" alt=\"\" class=\"wp-image-563\" style=\"width:291px;height:auto\" srcset=\"http:\/\/wildroseinn.com\/fr\/wp-content\/uploads\/2023\/12\/image-1.png 600w, http:\/\/wildroseinn.com\/fr\/wp-content\/uploads\/2023\/12\/image-1-300x200.png 300w\" sizes=\"auto, (max-width: 600px) 100vw, 600px\" \/><\/figure>\n","protected":false},"excerpt":{"rendered":"<p>Vous quittez Moncton? Restez et stationnez votre v\u00e9hicule sur notre terrain de stationnement pendant votre absence. Nous sommes situ\u00e9s dans un environnement s\u00e9curitaire, \u00e0 quelques minutes en voiture de l\u2019a\u00e9roport de Moncton. Nous gardons un \u0153il sur votre v\u00e9hicule \u00e0 tout moment. Nos suites de qualit\u00e9 vous garantiront une bonne nuit de sommeil avant votre&#8230;  <a class=\"excerpt-read-more\" href=\"http:\/\/wildroseinn.com\/fr\/stay-park-fly\/\" title=\"Read RESTEZ, STATIONNEZ ET VOLER\">Read more &raquo;<\/a><\/p>\n","protected":false},"author":5,"featured_media":0,"parent":0,"menu_order":0,"comment_status":"closed","ping_status":"closed","template":"","meta":{"footnotes":""},"class_list":["post-561","page","type-page","status-publish","hentry"],"_links":{"self":[{"href":"http:\/\/wildroseinn.com\/fr\/wp-json\/wp\/v2\/pages\/561","targetHints":{"allow":["GET"]}}],"collection":[{"href":"http:\/\/wildroseinn.com\/fr\/wp-json\/wp\/v2\/pages"}],"about":[{"href":"http:\/\/wildroseinn.com\/fr\/wp-json\/wp\/v2\/types\/page"}],"author":[{"embeddable":true,"href":"http:\/\/wildroseinn.com\/fr\/wp-json\/wp\/v2\/users\/5"}],"replies":[{"embeddable":true,"href":"http:\/\/wildroseinn.com\/fr\/wp-json\/wp\/v2\/comments?post=561"}],"version-history":[{"count":14,"href":"http:\/\/wildroseinn.com\/fr\/wp-json\/wp\/v2\/pages\/561\/revisions"}],"predecessor-version":[{"id":657,"href":"http:\/\/wildroseinn.com\/fr\/wp-json\/wp\/v2\/pages\/561\/revisions\/657"}],"wp:attachment":[{"href":"http:\/\/wildroseinn.com\/fr\/wp-json\/wp\/v2\/media?parent=561"}],"curies":[{"name":"wp","href":"https:\/\/api.w.org\/{rel}","templated":true}]}}