{"id":25,"date":"2016-05-08T13:42:43","date_gmt":"2016-05-08T16:42:43","guid":{"rendered":"http:\/\/wri.tantramarhosting.ca\/fr\/?page_id=25"},"modified":"2025-12-23T15:33:16","modified_gmt":"2025-12-23T19:33:16","slug":"bon-cadeau-et-contrat-global","status":"publish","type":"page","link":"http:\/\/wildroseinn.com\/fr\/bon-cadeau-et-contrat-global\/","title":{"rendered":"Forfaits et certificats cadeaux"},"content":{"rendered":"<p>Offrez \u00e0 quelqu&#8217;un que vous aimez une surprise? Offrez lui un certificat cadeau. Contactez nous par courriel o\u00f9 I&#8217;envoyer, \u00e0 qui, vos coordonn\u00e9es, les d\u00e9tails de votre carte de cr\u00e9dit, la valeur et nous allons ex\u00e9cuter votre commande. Il n y a aucune condition ni restriction pour un certicicat cadeau.<\/p>\n<img loading=\"lazy\" decoding=\"async\" class=\"aligncenter wp-image-26 size-full\" src=\"http:\/\/wildroseinn.com\/fr\/wp-content\/uploads\/2016\/05\/gift-cert-packages-dsc00620_000.jpg\" alt=\"gift card\" width=\"521\" height=\"244\" srcset=\"http:\/\/wildroseinn.com\/fr\/wp-content\/uploads\/2016\/05\/gift-cert-packages-dsc00620_000.jpg 521w, http:\/\/wildroseinn.com\/fr\/wp-content\/uploads\/2016\/05\/gift-cert-packages-dsc00620_000-300x140.jpg 300w\" sizes=\"auto, (max-width: 521px) 100vw, 521px\" \/>\n<h2>Certificat De Cadeau<\/h2>\n<h3><em>Forfait Pour la Suite Ex\u00e9cutive&#8212;suite et repas<\/em><\/h3>\n<h2><img loading=\"lazy\" decoding=\"async\" class=\"aligncenter wp-image-360 size-bones-thumb-600\" src=\"http:\/\/wildroseinn.com\/fr\/wp-content\/uploads\/2022\/01\/room-9small-600x150.jpg\" alt=\"\" width=\"600\" height=\"150\" \/><\/h2>\n<img loading=\"lazy\" decoding=\"async\" class=\"wp-image-361 alignleft\" src=\"http:\/\/wildroseinn.com\/fr\/wp-content\/uploads\/2022\/01\/teriyaki-salmon.jpg\" alt=\"\" width=\"186\" height=\"124\" \/>\n<p><span style=\"font-weight: 400;\"><img loading=\"lazy\" decoding=\"async\" class=\"alignleft\" src=\"https:\/\/lh5.googleusercontent.com\/p\/AF1QipO-gvs3wty27jpF8Fp-2f7ud_BVB2QI1okJvByL=w200-h266-k-no\" width=\"125\" height=\"167\" \/> nuit dans l&#8217;une des suites, plus un souper 4 services (menu fixe) et un petit-d\u00e9jeuner chaud le lendemain matin pour deux personnes. Le paquet suite standard: 239 $, le paquet suite sup\u00e9rieure: 259 $, and deluxe honeymoon suite package: $359. <\/span><span class=\"Y2IQFc\" lang=\"fr\">Le prix exclut les taxes. Un pourboire de 15 pour cent s&#8217;appliquera. <\/span><span class=\"Y2IQFc\" lang=\"fr\">L&#8217;offre est disponible d&#8217;octobre \u00e0 mai, sous r\u00e9serve de disponibilit\u00e9.<\/span><\/p>\n<h3><em><strong>Forfait Pour La Suite Ex\u00e9cutive \u2013 fleurs et chocolat<\/strong><\/em><\/h3>\n<h3><img loading=\"lazy\" decoding=\"async\" class=\"aligncenter wp-image-366 size-bones-thumb-600\" src=\"http:\/\/wildroseinn.com\/fr\/wp-content\/uploads\/2022\/01\/ROMANTIC-400x150.jpg\" alt=\"\" width=\"400\" height=\"150\" \/><\/h3>\n<h3><span style=\"font-weight: 400;\">Une nuit romantique dans la suite avec un lit queen, bain tourbillon double jet dans la salle de bain, foyer au propane, plus des fleurs et chocolats et d\u00e9jeuner. Le tout est de 199 $, plus la taxe. <span class=\"Y2IQFc\" lang=\"fr\">L&#8217;offre est disponible d&#8217;octobre \u00e0 mai, sous r\u00e9serve de disponibilit\u00e9.<\/span><\/span><\/h3>\n<h3><em>Forfait Pour la Suite Sup\u00e9rieure (chambre 10)<\/em><\/h3>\n<h3><img loading=\"lazy\" decoding=\"async\" class=\"aligncenter size-full wp-image-27\" src=\"http:\/\/wildroseinn.com\/fr\/wp-content\/uploads\/2016\/05\/gift-cert-packages-dsc00700.jpg\" alt=\"gift-cert-packages-dsc00700\" width=\"520\" height=\"241\" srcset=\"http:\/\/wildroseinn.com\/fr\/wp-content\/uploads\/2016\/05\/gift-cert-packages-dsc00700.jpg 520w, http:\/\/wildroseinn.com\/fr\/wp-content\/uploads\/2016\/05\/gift-cert-packages-dsc00700-300x139.jpg 300w\" sizes=\"auto, (max-width: 520px) 100vw, 520px\" \/><\/h3>\n<p>Le forfait pour la suite sup\u00e9rieure consiste en une nuit romantique et relaxante dans une suite sup\u00e9rieure (tr\u00e8s grand lit) foyer au propane, bain tourbillon \u00e0 jet double, douche \u00e0 jet, balcon priv\u00e9, une bouteille de vin, une boite de chocolat et un petit d\u00e9jeuner complet et chaud. Prix: $269 + taxe. S&#8217;il vous plait, contactez nous par t\u00e9l\u00e9phone ou par courriel pour r\u00e9server ce forfait en indiquant &#8220;forfait pour la suite sup\u00e9rieure&#8221;. <span class=\"Y2IQFc\" lang=\"fr\">L&#8217;offre est disponible d&#8217;octobre \u00e0 mai, sous r\u00e9serve de disponibilit\u00e9.<\/span><\/p>\n<h3><em>Forfait Pour la Suite Nuptiale (chambres 11 et 14)<\/em><\/h3>\n<h3><img loading=\"lazy\" decoding=\"async\" class=\"aligncenter size-full wp-image-29\" src=\"http:\/\/wildroseinn.com\/fr\/wp-content\/uploads\/2016\/05\/gift-cert-packages-dsc06369.jpg\" alt=\"gift-cert-packages-dsc06369\" width=\"520\" height=\"240\" srcset=\"http:\/\/wildroseinn.com\/fr\/wp-content\/uploads\/2016\/05\/gift-cert-packages-dsc06369.jpg 520w, http:\/\/wildroseinn.com\/fr\/wp-content\/uploads\/2016\/05\/gift-cert-packages-dsc06369-300x138.jpg 300w\" sizes=\"auto, (max-width: 520px) 100vw, 520px\" \/><img loading=\"lazy\" decoding=\"async\" class=\"aligncenter size-full wp-image-28\" src=\"http:\/\/wildroseinn.com\/fr\/wp-content\/uploads\/2016\/05\/gift-cert-packages-dsc06370.jpg\" alt=\"gift-cert-packages-dsc06370\" width=\"519\" height=\"241\" srcset=\"http:\/\/wildroseinn.com\/fr\/wp-content\/uploads\/2016\/05\/gift-cert-packages-dsc06370.jpg 519w, http:\/\/wildroseinn.com\/fr\/wp-content\/uploads\/2016\/05\/gift-cert-packages-dsc06370-300x139.jpg 300w\" sizes=\"auto, (max-width: 519px) 100vw, 519px\" \/><\/h3>\n<p>Le forfait de luxe pour la suite nuptiale consiste en une nuit romantique et relaxante dans la suite nuptiale avec un tr\u00e8s garnd lit, un foyer au propane, un jaccusi avec douche s\u00e9par\u00e9e, une bouteille de vin rouge, une boite de chocolat et un petit d\u00e9jeuner complet et chaud. Prix: $299 + taxe. Contactez nous par t\u00e9l\u00e9phone ou courriel pour r\u00e9server ce forfait en indiquant &#8220;forfait suite nuptiale&#8221;. <span class=\"Y2IQFc\" lang=\"fr\">L&#8217;offre est disponible d&#8217;octobre \u00e0 mai, sous r\u00e9serve de disponibilit\u00e9.<\/span><\/p>\n<h3><em>Forfait de Golf<\/em><img decoding=\"async\" class=\"aligncenter\" src=\"http:\/\/wildroseinn.com\/wp-content\/uploads\/2020\/03\/lksg_1-300x203.png\" \/><\/h3>\n<h3><span style=\"font-weight: 400;\">Quelle que soit la chambre dans laquelle vous s\u00e9journez, vous pouvez profiter d&#8217;un green fee \u00e0 moiti\u00e9 prix en jouant au golf au Lakeside Golf &amp; Country club, qui est adjacent \u00e0 l&#8217;h\u00f4tel.<\/span><\/h3>\n<h3>\u00a0<\/h3>\n<h3>\u00a0<\/h3>\n\n\n<p><\/p>\n","protected":false},"excerpt":{"rendered":"<p>Offrez \u00e0 quelqu&#8217;un que vous aimez une surprise? Offrez lui un certificat cadeau. Contactez nous par courriel o\u00f9 I&#8217;envoyer, \u00e0 qui, vos coordonn\u00e9es, les d\u00e9tails de votre carte de cr\u00e9dit, la valeur et nous allons ex\u00e9cuter votre commande. Il n y a aucune condition ni restriction pour un certicicat cadeau. Certificat De Cadeau Forfait Pour&#8230;  <a class=\"excerpt-read-more\" href=\"http:\/\/wildroseinn.com\/fr\/bon-cadeau-et-contrat-global\/\" title=\"Read Forfaits et certificats cadeaux\">Read more &raquo;<\/a><\/p>\n","protected":false},"author":5,"featured_media":0,"parent":0,"menu_order":0,"comment_status":"closed","ping_status":"closed","template":"","meta":{"footnotes":""},"class_list":["post-25","page","type-page","status-publish","hentry"],"_links":{"self":[{"href":"http:\/\/wildroseinn.com\/fr\/wp-json\/wp\/v2\/pages\/25","targetHints":{"allow":["GET"]}}],"collection":[{"href":"http:\/\/wildroseinn.com\/fr\/wp-json\/wp\/v2\/pages"}],"about":[{"href":"http:\/\/wildroseinn.com\/fr\/wp-json\/wp\/v2\/types\/page"}],"author":[{"embeddable":true,"href":"http:\/\/wildroseinn.com\/fr\/wp-json\/wp\/v2\/users\/5"}],"replies":[{"embeddable":true,"href":"http:\/\/wildroseinn.com\/fr\/wp-json\/wp\/v2\/comments?post=25"}],"version-history":[{"count":51,"href":"http:\/\/wildroseinn.com\/fr\/wp-json\/wp\/v2\/pages\/25\/revisions"}],"predecessor-version":[{"id":608,"href":"http:\/\/wildroseinn.com\/fr\/wp-json\/wp\/v2\/pages\/25\/revisions\/608"}],"wp:attachment":[{"href":"http:\/\/wildroseinn.com\/fr\/wp-json\/wp\/v2\/media?parent=25"}],"curies":[{"name":"wp","href":"https:\/\/api.w.org\/{rel}","templated":true}]}}