{"id":126,"date":"2017-04-28T16:34:44","date_gmt":"2017-04-28T19:34:44","guid":{"rendered":"http:\/\/wri.tantramarhosting.ca\/fr\/?page_id=126"},"modified":"2022-10-28T09:20:52","modified_gmt":"2022-10-28T12:20:52","slug":"prix","status":"publish","type":"page","link":"http:\/\/wildroseinn.com\/fr\/prix\/","title":{"rendered":"Petit-d\u00e9jeuner et Service alimentaire"},"content":{"rendered":"<p><span style=\"font-weight: 400;\">Un petit-d\u00e9jeuner chaud gratuit est servi tous les matins de 7h30 \u00e0 9h30. Les \u0153ufs proviennent de nos propres poulets de poules \u00e9lev\u00e9es en libert\u00e9.<\/span><\/p>\n<img decoding=\"async\" class=\"aligncenter\" src=\"http:\/\/wildroseinn.com\/wp-content\/uploads\/2018\/12\/DSC_2796-1024x335.jpg\" \/>\n<div class=\"tripadvisorwrap\">\n<div class=\"TA_certificateOfExcellence\"><img decoding=\"async\" src=\"http:\/\/wildroseinn.com\/wp-content\/uploads\/2018\/07\/DSC_3729-1024x255.jpg\" \/><\/div>\n<div>\u00a0<\/div>\n<div class=\"TA_certificateOfExcellence\">\n<p><em><strong>Concernant le souper, veuillez consulter la page \u00ab FORFAITS &amp; CERTIFICATS CADEAUX \u00bb.<\/strong><\/em><\/p>\n<\/div>\n<div class=\"TA_certificateOfExcellence\">\n<p><span style=\"font-weight: 400;\">Nous sommes \u00e0 une courte distance en voiture de divers restaurants dans la r\u00e9gion du Grand Moncton. Veuillez consulter le site Web pour les d\u00e9tails:<\/span><\/p>\n<\/div>\n<div class=\"TA_certificateOfExcellence\"><a style=\"font-size: revert;\" href=\"https:\/\/www.tripadvisor.ca\/Restaurants-g154958-Moncton_New_Brunswick.html\">https:\/\/www.tripadvisor.ca\/Restaurants-g154958-Moncton_New_Brunswick.html<\/a><\/div>\n<\/div>\n<div>\n<img loading=\"lazy\" decoding=\"async\" class=\"\" src=\"https:\/\/media-cdn.tripadvisor.com\/media\/photo-f\/0e\/85\/59\/75\/some-of-the-dishes.jpg\" alt=\"Cinta Ria Malaysian Fusion Malaisienne\" width=\"219\" height=\"167\" \/><img loading=\"lazy\" decoding=\"async\" class=\"\" src=\"https:\/\/media-cdn.tripadvisor.com\/media\/photo-s\/02\/6d\/fa\/d9\/chef-marc-s-out-of-this.jpg\" alt=\"Bistro 33\" width=\"185\" height=\"261\" \/><img loading=\"lazy\" decoding=\"async\" class=\"\" src=\"https:\/\/media-cdn.tripadvisor.com\/media\/photo-f\/0e\/e3\/9d\/94\/arrancinni.jpg\" alt=\"Gusto Italian Grill &amp; Bar\" width=\"249\" height=\"166\" \/>\n<p><span style=\"font-weight: 400;\">Costco, NB Liquor et une \u00e9picerie sont \u00e0 moins de 5 minutes \u00e0 6 kilom\u00e8tres.<\/span><\/p>\n<\/div>\n<div class=\"TA_certificateOfExcellence\">\u00a0<\/div>\n<div><img loading=\"lazy\" decoding=\"async\" class=\"\" src=\"http:\/\/wildroseinn.com\/wp-content\/uploads\/2018\/12\/download.jpg\" width=\"213\" height=\"213\" \/><img loading=\"lazy\" decoding=\"async\" class=\"\" src=\"http:\/\/wildroseinn.com\/wp-content\/uploads\/2018\/12\/download.png\" width=\"188\" height=\"188\" \/><img loading=\"lazy\" decoding=\"async\" class=\"\" src=\"http:\/\/wildroseinn.com\/wp-content\/uploads\/2018\/12\/images-300x168.jpg\" width=\"265\" height=\"149\" \/><\/div>\n<div class=\"tripadvisorwrap\">\n<div class=\"tripadvisorbadge\">\n<div id=\"TA_certificateOfExcellence323\" class=\"TA_certificateOfExcellence\">\u00a0<\/div>\n<\/div>\n<div class=\"tripadvisorbadge\">\n<div id=\"TA_certificateOfExcellence467\" class=\"TA_certificateOfExcellence\">\u00a0<\/div>\n<\/div>\n<\/div>\n\n\n<p><\/p>\n","protected":false},"excerpt":{"rendered":"<p>Un petit-d\u00e9jeuner chaud gratuit est servi tous les matins de 7h30 \u00e0 9h30. Les \u0153ufs proviennent de nos propres poulets de poules \u00e9lev\u00e9es en libert\u00e9. \u00a0 Concernant le souper, veuillez consulter la page \u00ab FORFAITS &amp; CERTIFICATS CADEAUX \u00bb. Nous sommes \u00e0 une courte distance en voiture de divers restaurants dans la r\u00e9gion du Grand&#8230;  <a class=\"excerpt-read-more\" href=\"http:\/\/wildroseinn.com\/fr\/prix\/\" title=\"Read Petit-d\u00e9jeuner et Service alimentaire\">Read more &raquo;<\/a><\/p>\n","protected":false},"author":5,"featured_media":0,"parent":0,"menu_order":0,"comment_status":"closed","ping_status":"closed","template":"","meta":{"footnotes":""},"class_list":["post-126","page","type-page","status-publish","hentry"],"_links":{"self":[{"href":"http:\/\/wildroseinn.com\/fr\/wp-json\/wp\/v2\/pages\/126","targetHints":{"allow":["GET"]}}],"collection":[{"href":"http:\/\/wildroseinn.com\/fr\/wp-json\/wp\/v2\/pages"}],"about":[{"href":"http:\/\/wildroseinn.com\/fr\/wp-json\/wp\/v2\/types\/page"}],"author":[{"embeddable":true,"href":"http:\/\/wildroseinn.com\/fr\/wp-json\/wp\/v2\/users\/5"}],"replies":[{"embeddable":true,"href":"http:\/\/wildroseinn.com\/fr\/wp-json\/wp\/v2\/comments?post=126"}],"version-history":[{"count":18,"href":"http:\/\/wildroseinn.com\/fr\/wp-json\/wp\/v2\/pages\/126\/revisions"}],"predecessor-version":[{"id":484,"href":"http:\/\/wildroseinn.com\/fr\/wp-json\/wp\/v2\/pages\/126\/revisions\/484"}],"wp:attachment":[{"href":"http:\/\/wildroseinn.com\/fr\/wp-json\/wp\/v2\/media?parent=126"}],"curies":[{"name":"wp","href":"https:\/\/api.w.org\/{rel}","templated":true}]}}