{"id":12,"date":"2016-05-08T13:25:44","date_gmt":"2016-05-08T16:25:44","guid":{"rendered":"http:\/\/wri.tantramarhosting.ca\/fr\/?page_id=12"},"modified":"2023-02-12T18:42:37","modified_gmt":"2023-02-12T22:42:37","slug":"pour-nous-rejoindre","status":"publish","type":"page","link":"http:\/\/wildroseinn.com\/fr\/pour-nous-rejoindre\/","title":{"rendered":"Pour nous rejoindre"},"content":{"rendered":"<h2>Les propri\u00e9taires\u00a0: Regina &amp; Dennis<\/h2>\n<ul>\n<li>T\u00e9l\u00e9phone\u00a0: <strong><a class=\"tel\" href=\"tel:+15063839751\">(506) 830-6668<\/a><\/strong><\/li>\n<li>Sans frais\u00a0: <strong><a class=\"tel\" href=\"tel:+18883897673\">(888) 389-7673<\/a><\/strong><\/li>\n<\/ul>\n<address>17 chemin Baseline<br \/>\nLakeville\/Moncton <abbr title=\"Nouveau-Brunswick\">NB<\/abbr> <span class=\"postalcode\">E1H 1N5<\/span><br \/>\nCanada<\/address>\n<h2>Courriel<\/h2>\n<p>Veuillez utilis\u00e9 ce couriel pour nous laisser un m\u00e9mo et nous vous contacterons le plus t\u00f4t possible.<\/p>\n<ul>\n<li>\n<h3><a href=\"mailto:wildroseinncanada@gmail.com\"><strong>wildroseinncanada@gmail.com<\/strong><\/a><\/h3>\n<\/li>\n<\/ul>\n<h2>Carte Google<\/h2>\n<p><iframe loading=\"lazy\" style=\"border: 0;\" src=\"https:\/\/www.google.com\/maps\/embed?pb=!1m18!1m12!1m3!1d2764.7851282747224!2d-64.69164768464363!3d46.13510987911459!2m3!1f0!2f0!3f0!3m2!1i1024!2i768!4f13.1!3m3!1m2!1s0x4ca0bddcf21bd317%3A0x857ea29c4b1b3c37!2s17+Baseline+Rd%2C+Lakeville%2C+NB+E1H+1N5!5e0!3m2!1sen!2sca!4v1485869398146\" width=\"100%\" height=\"450\" frameborder=\"0\" allowfullscreen=\"allowfullscreen\"><\/iframe><\/p>\n<h2>Carte routi\u00e8re<\/h2>\n<h3><em><strong>From Trans-Canada Highway #2<\/strong><\/em><img loading=\"lazy\" decoding=\"async\" class=\"alignright wp-image-83 size-full\" src=\"\/wp-content\/uploads\/2016\/04\/direction-local-attraction-road_map.gif\" alt=\"Local road map\" width=\"200\" height=\"115\" \/><\/h3>\n<ol type=\"1\">\n<li>Quittez la transcanadienne 2 \u00e0 la sortie 465, direction Nord<\/li>\n<li>Conduisez 1.2 km sur la route 134 (rue Sh\u00e9diac)<\/li>\n<li>tournez \u00e0 droite sur le chemin Baseline<\/li>\n<\/ol>\n<h3><em><strong>Directions \u00e0 partir de la route #15<\/strong><\/em><\/h3>\n<p>Prenez la sortie 19B sur I&#8217;autoroute Trans-Canada et ensuite suivez les directions.<\/p>\n<h3><em><strong>A partir de I&#8217;a\u00e9roport International du Grand Moncton<\/strong><\/em><\/h3>\n<p>tournez \u00e0 doite sur la route #15, prenez la sortie 19B pour rejoindre I&#8217;autoroute Trans-Canada et ensuite suivez les directions.<\/p>\n<p><!--\n\n\n<h3>From Route #15<\/h3>\n\n\nTake exit 19B onto Trans-Canada Highway and then follow the Trans-Canada Highway directions above.\n\n\n<h3>From Greater Moncton International Airport<\/h3>\n\n\nTurn right onto Route #15, take exit 19B to Trans-Canada Highway, then follow the Trans-Canada Highway directions above.--><\/p>\n<img loading=\"lazy\" decoding=\"async\" class=\"aligncenter size-full wp-image-84\" src=\"\/wp-content\/uploads\/2016\/04\/direction-local-attraction-na_to_nb.gif\" alt=\"de l\u2019Amerique du nord \u00e0 Nouveau-Brunswick\" width=\"377\" height=\"681\" \/>\n","protected":false},"excerpt":{"rendered":"<p>Les propri\u00e9taires\u00a0: Regina &amp; Dennis T\u00e9l\u00e9phone\u00a0: (506) 830-6668 Sans frais\u00a0: (888) 389-7673 17 chemin Baseline Lakeville\/Moncton NB E1H 1N5 Canada Courriel Veuillez utilis\u00e9 ce couriel pour nous laisser un m\u00e9mo et nous vous contacterons le plus t\u00f4t possible. wildroseinncanada@gmail.com Carte Google Carte routi\u00e8re From Trans-Canada Highway #2 Quittez la transcanadienne 2 \u00e0 la sortie 465,&#8230;  <a class=\"excerpt-read-more\" href=\"http:\/\/wildroseinn.com\/fr\/pour-nous-rejoindre\/\" title=\"Read Pour nous rejoindre\">Read more &raquo;<\/a><\/p>\n","protected":false},"author":5,"featured_media":0,"parent":0,"menu_order":0,"comment_status":"closed","ping_status":"closed","template":"","meta":{"footnotes":""},"class_list":["post-12","page","type-page","status-publish","hentry"],"_links":{"self":[{"href":"http:\/\/wildroseinn.com\/fr\/wp-json\/wp\/v2\/pages\/12","targetHints":{"allow":["GET"]}}],"collection":[{"href":"http:\/\/wildroseinn.com\/fr\/wp-json\/wp\/v2\/pages"}],"about":[{"href":"http:\/\/wildroseinn.com\/fr\/wp-json\/wp\/v2\/types\/page"}],"author":[{"embeddable":true,"href":"http:\/\/wildroseinn.com\/fr\/wp-json\/wp\/v2\/users\/5"}],"replies":[{"embeddable":true,"href":"http:\/\/wildroseinn.com\/fr\/wp-json\/wp\/v2\/comments?post=12"}],"version-history":[{"count":12,"href":"http:\/\/wildroseinn.com\/fr\/wp-json\/wp\/v2\/pages\/12\/revisions"}],"predecessor-version":[{"id":520,"href":"http:\/\/wildroseinn.com\/fr\/wp-json\/wp\/v2\/pages\/12\/revisions\/520"}],"wp:attachment":[{"href":"http:\/\/wildroseinn.com\/fr\/wp-json\/wp\/v2\/media?parent=12"}],"curies":[{"name":"wp","href":"https:\/\/api.w.org\/{rel}","templated":true}]}}